{"id":6185,"date":"2025-02-17T01:41:20","date_gmt":"2025-02-17T00:41:20","guid":{"rendered":"https:\/\/budner-lift.com.pl\/?page_id=6185"},"modified":"2025-02-17T01:49:48","modified_gmt":"2025-02-17T00:49:48","slug":"szkolenia","status":"publish","type":"page","link":"https:\/\/budner-lift.com.pl\/en\/szkolenia\/","title":{"rendered":"Szkolenia"},"content":{"rendered":"\t\t<div data-elementor-type=\"wp-page\" data-elementor-id=\"6185\" class=\"elementor elementor-6185\" data-elementor-post-type=\"page\">\n\t\t\t\t<div class=\"elementor-element elementor-element-92be215 e-flex e-con-boxed wpr-particle-no wpr-jarallax-no wpr-parallax-no wpr-sticky-section-no e-con e-parent\" data-id=\"92be215\" data-element_type=\"container\">\n\t\t\t\t\t<div class=\"e-con-inner\">\n\t\t\t\t<div class=\"elementor-element elementor-element-a74e0a9 elementor-widget elementor-widget-text-editor\" data-id=\"a74e0a9\" data-element_type=\"widget\" data-widget_type=\"text-editor.default\">\n\t\t\t\t<div class=\"elementor-widget-container\">\n\t\t\t\t\t\t\t<h3>Szkolenia operator\u00f3w urz\u0105dze\u0144 transportu bliskiego<\/h3>\n<p>Budner-Lift oferuje kompleksowe szkolenia dla operator\u00f3w urz\u0105dze\u0144 transportu bliskiego, przygotowuj\u0105ce uczestnik\u00f3w do pracy na wybranym sprz\u0119cie oraz do zdania egzaminu przed komisj\u0105 Urz\u0119du Dozoru Technicznego (UDT)<\/p>\n<h4><strong>Nasza oferta szkole\u0144:<\/strong><\/h4>\n<p>1. <strong>W\u00f3zki wid\u0142owe<\/strong><\/p>\n<ul>\n<li>Kategoria I WJO: Szkolenie dla operator\u00f3w w\u00f3zk\u00f3w jezdniowych podno\u015bnikowych z wysi\u0119gnikiem teleskopowym oraz z osob\u0105 obs\u0142uguj\u0105c\u0105 podnoszon\u0105 wraz z \u0142adunkiem.<\/li>\n<li>\u00a0Kategoria II WJO: Szkolenie dla operator\u00f3w w\u00f3zk\u00f3w jezdniowych podno\u015bnikowych bez wysi\u0119gnika teleskopowego. Kursy obejmuj\u0105 nauk\u0119 obs\u0142ugi w\u00f3zk\u00f3w, zasady bezpiecze\u0144stwa.<\/li>\n<\/ul>\n<p>2. <strong>Podesty ruchome<\/strong><\/p>\n<ul>\n<li>Podesty ruchome przejezdne: Szkolenie przygotowuj\u0105ce do pracy z podestami no\u017cycowymi, teleskopowymi oraz przegubowymi. Uczestnicy poznaj\u0105 zasady obs\u0142ugi sprz\u0119tu, procedury bezpiecze\u0144stwa oraz przepisy zwi\u0105zane z<br \/>eksploatacj\u0105 podest\u00f3w ruchomych.<\/li>\n<\/ul>\n<p>3. <strong>Suwnice<\/strong><\/p>\n<ul>\n<li>Szkolenia na suwnice sterowane z poziomu roboczego lub z kabiny. Kursy obejmuj\u0105 nauk\u0119 prawid\u0142owej obs\u0142ugi suwnic, techniki podnoszenia \u0142adunk\u00f3w, a tak\u017ce bezpiecze\u0144stwo pracy z urz\u0105dzeniem.\u00a0<\/li>\n<\/ul>\n<p>4. <strong>\u017burawie<\/strong><\/p>\n<ul>\n<li>Szkolenie dla operator\u00f3w \u017curawi stacjonarnych, wie\u017cowych, HDS (hydrauliczne d\u017awigi samochodowe) oraz mobilnych. Program kursu uwzgl\u0119dnia zasady pracy z \u017curawiami, procedury bezpiecze\u0144stwa i praktyczn\u0105 nauk\u0119 obs\u0142ugi. <\/li>\n<\/ul>\t\t\t\t\t\t<\/div>\n\t\t\t\t<\/div>\n\t\t\t\t\t<\/div>\n\t\t\t\t<\/div>\n\t\t<div class=\"elementor-element elementor-element-cf0a235 e-flex e-con-boxed wpr-particle-no wpr-jarallax-no wpr-parallax-no wpr-sticky-section-no e-con e-parent\" data-id=\"cf0a235\" data-element_type=\"container\">\n\t\t\t\t\t<div class=\"e-con-inner\">\n\t\t\t\t<div class=\"elementor-element elementor-element-3b44124 elementor-widget elementor-widget-templines-contact-form\" data-id=\"3b44124\" data-element_type=\"widget\" data-widget_type=\"templines-contact-form.default\">\n\t\t\t\t<div class=\"elementor-widget-container\">\n\t\t\t        \n<div class=\"wpcf7 no-js\" id=\"wpcf7-f11-o1\" lang=\"pl-PL\" dir=\"ltr\" data-wpcf7-id=\"11\">\n<div class=\"screen-reader-response\"><p role=\"status\" aria-live=\"polite\" aria-atomic=\"true\"><\/p> <ul><\/ul><\/div>\n<form action=\"\/en\/wp-json\/wp\/v2\/pages\/6185#wpcf7-f11-o1\" method=\"post\" class=\"wpcf7-form init\" aria-label=\"Formularz kontaktowy\" novalidate=\"novalidate\" data-status=\"init\">\n<div style=\"display: none;\">\n<input type=\"hidden\" name=\"_wpcf7\" value=\"11\" \/>\n<input type=\"hidden\" name=\"_wpcf7_version\" value=\"6.0\" \/>\n<input type=\"hidden\" name=\"_wpcf7_locale\" value=\"pl_PL\" \/>\n<input type=\"hidden\" name=\"_wpcf7_unit_tag\" value=\"wpcf7-f11-o1\" \/>\n<input type=\"hidden\" name=\"_wpcf7_container_post\" value=\"0\" \/>\n<input type=\"hidden\" name=\"_wpcf7_posted_data_hash\" value=\"\" \/>\n<input type=\"hidden\" name=\"lang\" value=\"en\" \/>\n<input type=\"hidden\" name=\"_wpcf7_recaptcha_response\" value=\"\" \/>\n<\/div>\n<p><label> Twoje imi\u0119 i nazwisko<br \/>\n<span class=\"wpcf7-form-control-wrap\" data-name=\"your-name\"><input size=\"40\" maxlength=\"400\" class=\"wpcf7-form-control wpcf7-text wpcf7-validates-as-required\" autocomplete=\"name\" aria-required=\"true\" aria-invalid=\"false\" value=\"\" type=\"text\" name=\"your-name\" \/><\/span> <\/label>\n<\/p>\n<p><label> Tw\u00f3j adres e-mail<br \/>\n<span class=\"wpcf7-form-control-wrap\" data-name=\"your-email\"><input size=\"40\" maxlength=\"400\" class=\"wpcf7-form-control wpcf7-email wpcf7-validates-as-required wpcf7-text wpcf7-validates-as-email\" autocomplete=\"email\" aria-required=\"true\" aria-invalid=\"false\" value=\"\" type=\"email\" name=\"your-email\" \/><\/span> <\/label>\n<\/p>\n<p><label> Temat<br \/>\n<span class=\"wpcf7-form-control-wrap\" data-name=\"your-subject\"><input size=\"40\" maxlength=\"400\" class=\"wpcf7-form-control wpcf7-text wpcf7-validates-as-required\" aria-required=\"true\" aria-invalid=\"false\" value=\"\" type=\"text\" name=\"your-subject\" \/><\/span> <\/label>\n<\/p>\n<p><label> Twoja wiadomo\u015bci<br \/>\n<span class=\"wpcf7-form-control-wrap\" data-name=\"your-message\"><textarea cols=\"40\" rows=\"10\" maxlength=\"2000\" class=\"wpcf7-form-control wpcf7-textarea\" aria-invalid=\"false\" name=\"your-message\"><\/textarea><\/span> <\/label>\n<\/p>\n<p><span class=\"wpcf7-form-control-wrap\" data-name=\"acceptance-554\"><span class=\"wpcf7-form-control wpcf7-acceptance\"><span class=\"wpcf7-list-item\"><label><input type=\"checkbox\" name=\"acceptance-554\" value=\"1\" aria-invalid=\"false\" \/><span class=\"wpcf7-list-item-label\">Zapozna\u0142em si\u0119 z <a href=\"https:\/\/budner-lift.com.pl\/polityka-prywatnosci.pdf\" target=\"_blank\"><b>Polityk\u0105 prywatno\u015bci<\/b><\/a>.<\/span><\/label><\/span><\/span><\/span>\n<\/p>\n<p><input class=\"wpcf7-form-control wpcf7-submit has-spinner\" type=\"submit\" value=\"Wy\u015blij\" \/>\n<\/p><div class=\"wpcf7-response-output\" aria-hidden=\"true\"><\/div>\n<\/form>\n<\/div>\n        \t\t<\/div>\n\t\t\t\t<\/div>\n\t\t\t\t\t<\/div>\n\t\t\t\t<\/div>\n\t\t\t\t<\/div>\n\t\t","protected":false},"excerpt":{"rendered":"<p>Szkolenia operator\u00f3w urz\u0105dze\u0144 transportu bliskiego Budner-Lift oferuje kompleksowe szkolenia dla operator\u00f3w urz\u0105dze\u0144 transportu bliskiego, przygotowuj\u0105ce uczestnik\u00f3w do pracy na wybranym sprz\u0119cie oraz do zdania egzaminu przed komisj\u0105 Urz\u0119du Dozoru Technicznego (UDT) Nasza oferta szkole\u0144: 1. W\u00f3zki wid\u0142owe Kategoria I WJO: Szkolenie dla operator\u00f3w w\u00f3zk\u00f3w jezdniowych podno\u015bnikowych z wysi\u0119gnikiem teleskopowym oraz z osob\u0105 obs\u0142uguj\u0105c\u0105 podnoszon\u0105 wraz z \u0142adunkiem. \u00a0Kategoria II WJO: Szkolenie dla operator\u00f3w w\u00f3zk\u00f3w jezdniowych podno\u015bnikowych bez wysi\u0119gnika teleskopowego. Kursy obejmuj\u0105 nauk\u0119 obs\u0142ugi w\u00f3zk\u00f3w, zasady bezpiecze\u0144stwa. 2. Podesty ruchome Podesty ruchome przejezdne: Szkolenie przygotowuj\u0105ce do pracy z podestami no\u017cycowymi, teleskopowymi oraz przegubowymi. Uczestnicy poznaj\u0105 zasady obs\u0142ugi sprz\u0119tu, procedury bezpiecze\u0144stwa oraz przepisy zwi\u0105zane zeksploatacj\u0105 podest\u00f3w ruchomych. 3. Suwnice Szkolenia na suwnice sterowane z poziomu roboczego lub z kabiny. Kursy obejmuj\u0105 nauk\u0119 prawid\u0142owej obs\u0142ugi suwnic, techniki podnoszenia \u0142adunk\u00f3w, a tak\u017ce bezpiecze\u0144stwo pracy z urz\u0105dzeniem.\u00a0 4. \u017burawie Szkolenie dla operator\u00f3w \u017curawi stacjonarnych, wie\u017cowych, HDS (hydrauliczne d\u017awigi samochodowe) oraz mobilnych. Program kursu uwzgl\u0119dnia zasady pracy z \u017curawiami, procedury bezpiecze\u0144stwa i praktyczn\u0105 nauk\u0119 obs\u0142ugi. Twoje imi\u0119 i nazwisko Tw\u00f3j adres e-mail Temat Twoja wiadomo\u015bci (opcjonalne)<\/p>\n","protected":false},"author":1,"featured_media":0,"parent":0,"menu_order":0,"comment_status":"closed","ping_status":"closed","template":"","meta":{"_acf_changed":false,"_monsterinsights_skip_tracking":false,"_monsterinsights_sitenote_active":false,"_monsterinsights_sitenote_note":"","_monsterinsights_sitenote_category":0,"footnotes":""},"class_list":["post-6185","page","type-page","status-publish","hentry"],"acf":[],"_links":{"self":[{"href":"https:\/\/budner-lift.com.pl\/en\/wp-json\/wp\/v2\/pages\/6185","targetHints":{"allow":["GET"]}}],"collection":[{"href":"https:\/\/budner-lift.com.pl\/en\/wp-json\/wp\/v2\/pages"}],"about":[{"href":"https:\/\/budner-lift.com.pl\/en\/wp-json\/wp\/v2\/types\/page"}],"author":[{"embeddable":true,"href":"https:\/\/budner-lift.com.pl\/en\/wp-json\/wp\/v2\/users\/1"}],"replies":[{"embeddable":true,"href":"https:\/\/budner-lift.com.pl\/en\/wp-json\/wp\/v2\/comments?post=6185"}],"version-history":[{"count":8,"href":"https:\/\/budner-lift.com.pl\/en\/wp-json\/wp\/v2\/pages\/6185\/revisions"}],"predecessor-version":[{"id":6193,"href":"https:\/\/budner-lift.com.pl\/en\/wp-json\/wp\/v2\/pages\/6185\/revisions\/6193"}],"wp:attachment":[{"href":"https:\/\/budner-lift.com.pl\/en\/wp-json\/wp\/v2\/media?parent=6185"}],"curies":[{"name":"wp","href":"https:\/\/api.w.org\/{rel}","templated":true}]}}