{"id":6595,"date":"2025-05-29T22:37:11","date_gmt":"2025-05-29T20:37:11","guid":{"rendered":"https:\/\/budner-lift.com.pl\/?page_id=6595"},"modified":"2025-06-03T01:08:10","modified_gmt":"2025-06-02T23:08:10","slug":"materialydopobrania","status":"publish","type":"page","link":"https:\/\/budner-lift.com.pl\/en\/materialydopobrania\/","title":{"rendered":"Materia\u0142y Do Pobrania"},"content":{"rendered":"\t\t<div data-elementor-type=\"wp-page\" data-elementor-id=\"6595\" class=\"elementor elementor-6595\" data-elementor-post-type=\"page\">\n\t\t\t\t<div class=\"elementor-element elementor-element-f194dbd e-flex e-con-boxed wpr-particle-no wpr-jarallax-no wpr-parallax-no wpr-sticky-section-no e-con e-parent\" data-id=\"f194dbd\" data-element_type=\"container\">\n\t\t\t\t\t<div class=\"e-con-inner\">\n\t\t\t\t<div class=\"elementor-element elementor-element-7d22fbf elementor-widget elementor-widget-text-editor\" data-id=\"7d22fbf\" data-element_type=\"widget\" data-widget_type=\"text-editor.default\">\n\t\t\t\t<div class=\"elementor-widget-container\">\n\t\t\t\t\t\t\t<ul><li style=\"list-style-type: none;\"><ul><li><strong>REGULAMIN NAJMU<\/strong>\u00a0<strong><span style=\"color: #f65d10;\"><a href=\"\/regulamin.pdf\" target=\"_blank\" rel=\"noopener\">POBIERZ<\/a><\/span><\/strong><\/li><li><strong>SKR\u00d3CONA INSTRUKCJA OBS\u0141UGI PODEST\u00d3W NO\u017bYCOWYCH ELEKTRYCZNYCH<\/strong> <strong><span style=\"color: #f65d10;\"><a href=\"\/instrukcja_obslugi_podestow_nozycowych.pdf\" target=\"_blank\" rel=\"noopener\">POBIERZ<\/a><\/span><\/strong><\/li><\/ul><\/li><\/ul><ul><li style=\"list-style-type: none;\"><ul><li>SPECYFIKACJA TECHNICZNA <strong>SKYJACK SJ 3219<\/strong> <strong><span style=\"color: #f65d10;\"><a href=\"\/specyfikacja_skyjack_sj_3219.pdf\" target=\"_blank\" rel=\"noopener\">POBIERZ<\/a><\/span><\/strong><\/li><\/ul><\/li><\/ul><ul><li style=\"list-style-type: none;\"><ul><li>SPECYFIKACJA TECHNICZNA <strong>SKYJACK SJ 3220<\/strong> <strong><span style=\"color: #f65d10;\"><a href=\"\/specyfikacja_skyjack_sj_3220.pdf\" target=\"_blank\" rel=\"noopener\">POBIERZ<\/a><\/span><\/strong><\/li><\/ul><\/li><\/ul><ul><li style=\"list-style-type: none;\"><ul><li>SPECYFIKACJA TECHNICZNA <strong>SKYJACK SJ 4632<\/strong> <strong><span style=\"color: #f65d10;\"><a href=\"\/specyfikacja_skyjack_sj_4632.pdf\" target=\"_blank\" rel=\"noopener\">POBIERZ<\/a><\/span><\/strong><\/li><\/ul><\/li><\/ul><ul><li style=\"list-style-type: none;\"><ul><li>SPECYFIKACJA TECHNICZNA <strong>SKYJACK SJ 6832 RT<\/strong> <strong><span style=\"color: #f65d10;\"><a href=\"\/specyfikacja_skyjack_sj_6826_32.pdf\" target=\"_blank\" rel=\"noopener\">POBIERZ<\/a><\/span><\/strong><\/li><\/ul><\/li><\/ul><ul><li style=\"list-style-type: none;\"><ul><li>SPECYFIKACJA TECHNICZNA <strong>SKYJACK SJ 6826 RT <span style=\"color: #f65d10;\"><a href=\"\/specyfikacja_skyjack_sj_6826_32.pdf\" target=\"_blank\" rel=\"noopener\">POBIERZ<\/a><\/span><\/strong><\/li><\/ul><\/li><\/ul><ul><li style=\"list-style-type: none;\"><ul><li>SPECYFIKACJA TECHNICZNA <strong>JLG 450AJ<\/strong> <strong><span style=\"color: #f65d10;\"><a href=\"\/specyfikacja_jlg_450aj.pdf\" target=\"_blank\" rel=\"noopener\">POBIERZ<\/a><\/span><\/strong><\/li><\/ul><\/li><\/ul><ul><li style=\"list-style-type: none;\"><ul><li>SPECYFIKACJA TECHNICZNA <strong>JLG 600AJ<\/strong> <strong><span style=\"color: #f65d10;\"><a href=\"\/specyfikacja_jlg_600aj.pdf\" target=\"_blank\" rel=\"noopener\">POBIERZ<\/a><\/span><\/strong><\/li><\/ul><\/li><\/ul><ul><li style=\"list-style-type: none;\"><ul><li>SPECYFIKACJA TECHNICZNA <strong>GENIE TZ34\/20<\/strong> <strong><span style=\"color: #f65d10;\"><a href=\"\/specyfikacja_genie_tz_3420.pdf\" target=\"_blank\" rel=\"noopener\">POBIERZ<\/a><\/span><\/strong><\/li><\/ul><\/li><\/ul><ul><li style=\"list-style-type: none;\"><ul><li>SPECYFIKACJA TECHNICZNA <strong>NIFTYLIFT 120<\/strong> <strong><span style=\"color: #f65d10;\"><a href=\"\/specyfikacja_nifty_120.pdf\" target=\"_blank\" rel=\"noopener\">POBIERZ<\/a><\/span><\/strong><\/li><\/ul><\/li><\/ul><ul><li style=\"list-style-type: none;\"><ul><li>SPECYFIKACJA TECHNICZNA <strong>NIFTYLIFT 170<\/strong> <strong><span style=\"color: #f65d10;\"><a href=\"\/specyfikacja_nifty_170.pdf\" target=\"_blank\" rel=\"noopener\">POBIERZ<\/a><\/span><\/strong><\/li><\/ul><\/li><\/ul><ul><li style=\"list-style-type: none;\"><ul><li>SPECYFIKACJA TECHNICZNA <strong>NIFTYLIFT 210<\/strong> <strong><span style=\"color: #f65d10;\"><a href=\"\/specyfikacja_nifty_210.pdf\" target=\"_blank\" rel=\"noopener\">POBIERZ<\/a><\/span><\/strong><\/li><\/ul><\/li><\/ul><ul><li style=\"list-style-type: none;\"><ul><li>SPECYFIKACJA TECHNICZNA <strong>TEUPEN GEPARD 22 T<\/strong> <strong><span style=\"color: #f65d10;\"><a href=\"\/specyfikacja_teupen_gepard_22t.pdf\" target=\"_blank\" rel=\"noopener\">POBIERZ<\/a><\/span><\/strong><\/li><\/ul><\/li><\/ul>\t\t\t\t\t\t<\/div>\n\t\t\t\t<\/div>\n\t\t\t\t\t<\/div>\n\t\t\t\t<\/div>\n\t\t\t\t<\/div>\n\t\t","protected":false},"excerpt":{"rendered":"<p>REGULAMIN NAJMU\u00a0POBIERZ SKR\u00d3CONA INSTRUKCJA OBS\u0141UGI PODEST\u00d3W NO\u017bYCOWYCH ELEKTRYCZNYCH POBIERZ SPECYFIKACJA TECHNICZNA SKYJACK SJ 3219 POBIERZ SPECYFIKACJA TECHNICZNA SKYJACK SJ 3220 POBIERZ SPECYFIKACJA TECHNICZNA SKYJACK SJ 4632 POBIERZ SPECYFIKACJA TECHNICZNA SKYJACK SJ 6832 RT POBIERZ SPECYFIKACJA TECHNICZNA SKYJACK SJ 6826 RT POBIERZ SPECYFIKACJA TECHNICZNA JLG 450AJ POBIERZ SPECYFIKACJA TECHNICZNA JLG 600AJ POBIERZ SPECYFIKACJA TECHNICZNA GENIE TZ34\/20 POBIERZ SPECYFIKACJA TECHNICZNA NIFTYLIFT 120 POBIERZ SPECYFIKACJA TECHNICZNA NIFTYLIFT 170 POBIERZ SPECYFIKACJA TECHNICZNA NIFTYLIFT 210 POBIERZ SPECYFIKACJA TECHNICZNA TEUPEN GEPARD 22 T POBIERZ<\/p>\n","protected":false},"author":1,"featured_media":0,"parent":0,"menu_order":0,"comment_status":"closed","ping_status":"closed","template":"","meta":{"_acf_changed":false,"_monsterinsights_skip_tracking":false,"_monsterinsights_sitenote_active":false,"_monsterinsights_sitenote_note":"","_monsterinsights_sitenote_category":0,"footnotes":""},"class_list":["post-6595","page","type-page","status-publish","hentry"],"acf":[],"_links":{"self":[{"href":"https:\/\/budner-lift.com.pl\/en\/wp-json\/wp\/v2\/pages\/6595","targetHints":{"allow":["GET"]}}],"collection":[{"href":"https:\/\/budner-lift.com.pl\/en\/wp-json\/wp\/v2\/pages"}],"about":[{"href":"https:\/\/budner-lift.com.pl\/en\/wp-json\/wp\/v2\/types\/page"}],"author":[{"embeddable":true,"href":"https:\/\/budner-lift.com.pl\/en\/wp-json\/wp\/v2\/users\/1"}],"replies":[{"embeddable":true,"href":"https:\/\/budner-lift.com.pl\/en\/wp-json\/wp\/v2\/comments?post=6595"}],"version-history":[{"count":46,"href":"https:\/\/budner-lift.com.pl\/en\/wp-json\/wp\/v2\/pages\/6595\/revisions"}],"predecessor-version":[{"id":6644,"href":"https:\/\/budner-lift.com.pl\/en\/wp-json\/wp\/v2\/pages\/6595\/revisions\/6644"}],"wp:attachment":[{"href":"https:\/\/budner-lift.com.pl\/en\/wp-json\/wp\/v2\/media?parent=6595"}],"curies":[{"name":"wp","href":"https:\/\/api.w.org\/{rel}","templated":true}]}}