{"id":6405,"date":"2025-05-22T00:19:11","date_gmt":"2025-05-21T22:19:11","guid":{"rendered":"https:\/\/budner-lift.com.pl\/?post_type=product&#038;p=6405"},"modified":"2025-06-15T18:31:57","modified_gmt":"2025-06-15T16:31:57","slug":"skyjack-sj-4632","status":"publish","type":"product","link":"https:\/\/budner-lift.com.pl\/en\/produkt\/skyjack-sj-4632\/","title":{"rendered":"Skyjack SJ 4632"},"content":{"rendered":"","protected":false},"excerpt":{"rendered":"<h4><strong>SPECYFIKACJA TECHNICZNA<\/strong> <strong><a style=\"color: #f65d10; text-decoration: none;\" href=\"\/specyfikacja_skyjack_sj_4632.pdf\">POBIERZ<\/a><\/strong><\/h4>\n<h6><strong>SKR\u00d3CONA INSTRUKCJA OBS\u0141UGI PODEST\u00d3W NO\u017bYCOWYCH ELEKTRYCZNYCH<\/strong>\u00a0<strong><a style=\"color: #f65d10; text-decoration: none;\" href=\"\/instrukcja_obslugi_podestow_nozycowych.pdf\">POBIERZ<\/a><\/strong><\/h6>\n","protected":false},"featured_media":6445,"template":"","meta":{"_acf_changed":false,"_monsterinsights_skip_tracking":false,"_monsterinsights_sitenote_active":false,"_monsterinsights_sitenote_note":"","_monsterinsights_sitenote_category":0},"product_cat":[77,16],"product_tag":[],"class_list":{"0":"post-6405","1":"product","2":"type-product","3":"status-publish","4":"has-post-thumbnail","6":"product_cat-podnosniki-nozycowe","7":"product_cat-bez-kategorii","9":"first","10":"instock","11":"shipping-taxable","12":"product-type-simple"},"acf":[],"_links":{"self":[{"href":"https:\/\/budner-lift.com.pl\/en\/wp-json\/wp\/v2\/product\/6405","targetHints":{"allow":["GET"]}}],"collection":[{"href":"https:\/\/budner-lift.com.pl\/en\/wp-json\/wp\/v2\/product"}],"about":[{"href":"https:\/\/budner-lift.com.pl\/en\/wp-json\/wp\/v2\/types\/product"}],"wp:featuredmedia":[{"embeddable":true,"href":"https:\/\/budner-lift.com.pl\/en\/wp-json\/wp\/v2\/media\/6445"}],"wp:attachment":[{"href":"https:\/\/budner-lift.com.pl\/en\/wp-json\/wp\/v2\/media?parent=6405"}],"wp:term":[{"taxonomy":"product_cat","embeddable":true,"href":"https:\/\/budner-lift.com.pl\/en\/wp-json\/wp\/v2\/product_cat?post=6405"},{"taxonomy":"product_tag","embeddable":true,"href":"https:\/\/budner-lift.com.pl\/en\/wp-json\/wp\/v2\/product_tag?post=6405"}],"curies":[{"name":"wp","href":"https:\/\/api.w.org\/{rel}","templated":true}]}}