{"id":6428,"date":"2025-05-23T15:11:34","date_gmt":"2025-05-23T13:11:34","guid":{"rendered":"https:\/\/budner-lift.com.pl\/?post_type=product&#038;p=6428"},"modified":"2025-06-15T18:23:00","modified_gmt":"2025-06-15T16:23:00","slug":"skyjack-sj-6826-rt","status":"publish","type":"product","link":"https:\/\/budner-lift.com.pl\/en\/produkt\/skyjack-sj-6826-rt\/","title":{"rendered":"Skyjack SJ 6826 RT"},"content":{"rendered":"","protected":false},"excerpt":{"rendered":"<h4><strong>SPECYFIKACJA TECHNICZNA<\/strong> <strong><a style=\"color: #f65d10; text-decoration: none;\" href=\"\/specyfikacja_skyjack_sj_6826_32.pdf\">POBIERZ<\/a><\/strong><\/h4>\n<h6><strong>SKR\u00d3CONA INSTRUKCJA OBS\u0141UGI PODEST\u00d3W NO\u017bYCOWYCH ELEKTRYCZNYCH<\/strong>\u00a0<strong><a style=\"color: #f65d10; text-decoration: none;\" href=\"\/instrukcja_obslugi_podestow_nozycowych.pdf\">POBIERZ<\/a><\/strong><\/h6>\n","protected":false},"featured_media":6454,"template":"","meta":{"_acf_changed":false,"_monsterinsights_skip_tracking":false,"_monsterinsights_sitenote_active":false,"_monsterinsights_sitenote_note":"","_monsterinsights_sitenote_category":0},"product_cat":[77,16],"product_tag":[],"class_list":{"0":"post-6428","1":"product","2":"type-product","3":"status-publish","4":"has-post-thumbnail","6":"product_cat-podnosniki-nozycowe","7":"product_cat-bez-kategorii","9":"first","10":"instock","11":"shipping-taxable","12":"product-type-simple"},"acf":[],"_links":{"self":[{"href":"https:\/\/budner-lift.com.pl\/en\/wp-json\/wp\/v2\/product\/6428","targetHints":{"allow":["GET"]}}],"collection":[{"href":"https:\/\/budner-lift.com.pl\/en\/wp-json\/wp\/v2\/product"}],"about":[{"href":"https:\/\/budner-lift.com.pl\/en\/wp-json\/wp\/v2\/types\/product"}],"wp:featuredmedia":[{"embeddable":true,"href":"https:\/\/budner-lift.com.pl\/en\/wp-json\/wp\/v2\/media\/6454"}],"wp:attachment":[{"href":"https:\/\/budner-lift.com.pl\/en\/wp-json\/wp\/v2\/media?parent=6428"}],"wp:term":[{"taxonomy":"product_cat","embeddable":true,"href":"https:\/\/budner-lift.com.pl\/en\/wp-json\/wp\/v2\/product_cat?post=6428"},{"taxonomy":"product_tag","embeddable":true,"href":"https:\/\/budner-lift.com.pl\/en\/wp-json\/wp\/v2\/product_tag?post=6428"}],"curies":[{"name":"wp","href":"https:\/\/api.w.org\/{rel}","templated":true}]}}